{"id":6345,"date":"2018-06-29T14:57:29","date_gmt":"2018-06-29T11:57:29","guid":{"rendered":"https:\/\/wellness-travels.com\/boob-lift-abroad\/"},"modified":"2019-11-08T19:21:42","modified_gmt":"2019-11-08T17:21:42","slug":"brostlyft-med-implantat","status":"publish","type":"page","link":"https:\/\/wellness-travels.com\/sv\/brostlyft-med-implantat\/","title":{"rendered":"Br\u00f6stlyft utomlands"},"content":{"rendered":"","protected":false},"excerpt":{"rendered":"","protected":false},"author":5,"featured_media":0,"parent":0,"menu_order":0,"comment_status":"closed","ping_status":"closed","template":"template-landing.php","meta":{"inline_featured_image":false,"footnotes":""},"class_list":["post-6345","page","type-page","status-publish","hentry"],"acf":[],"yoast_head":"<!-- This site is optimized with the Yoast SEO plugin v27.2 - https:\/\/yoast.com\/product\/yoast-seo-wordpress\/ -->\n<title>Br\u00f6stlyft utomlands - 2775 \u20ac all inclusive - 15+ \u00e5rs erfarenhet<\/title>\n<meta name=\"description\" content=\"Br\u00f6sts\u00e4ckning kan fixas med boob lift utomlands. Vi erbjuder billig br\u00f6stlyft - 2775 \u20ac all-included (kirurgi, resor, f\u00f6rs\u00e4kring etc.). Gratis konsultation.\" \/>\n<meta name=\"robots\" content=\"index, follow, max-snippet:-1, max-image-preview:large, max-video-preview:-1\" \/>\n<link rel=\"canonical\" href=\"https:\/\/wellness-travels.com\/sv\/brostlyft-med-implantat\/\" \/>\n<meta property=\"og:locale\" content=\"sv_SE\" \/>\n<meta property=\"og:type\" content=\"article\" \/>\n<meta property=\"og:title\" content=\"Br\u00f6stlyft utomlands - 2775 \u20ac all inclusive - 15+ \u00e5rs erfarenhet\" \/>\n<meta property=\"og:description\" content=\"Br\u00f6sts\u00e4ckning kan fixas med boob lift utomlands. Vi erbjuder billig br\u00f6stlyft - 2775 \u20ac all-included (kirurgi, resor, f\u00f6rs\u00e4kring etc.). Gratis konsultation.\" \/>\n<meta property=\"og:url\" content=\"https:\/\/wellness-travels.com\/sv\/brostlyft-med-implantat\/\" \/>\n<meta property=\"og:site_name\" content=\"Wellness Travels by Gijos Klinikos\" \/>\n<meta property=\"article:publisher\" content=\"http:\/\/www.facebook.com\/medtourismeu\" \/>\n<meta property=\"article:modified_time\" content=\"2019-11-08T17:21:42+00:00\" \/>\n<meta property=\"og:image\" content=\"https:\/\/wellness-travels.com\/wp-content\/uploads\/2019\/06\/wellness-travels.png\" \/>\n\t<meta property=\"og:image:width\" content=\"1200\" \/>\n\t<meta property=\"og:image:height\" content=\"630\" \/>\n\t<meta property=\"og:image:type\" content=\"image\/png\" \/>\n<meta name=\"twitter:card\" content=\"summary_large_image\" \/>\n<meta name=\"twitter:site\" content=\"@medtoureu\" \/>\n<!-- \/ Yoast SEO plugin. -->","yoast_head_json":{"title":"Br\u00f6stlyft utomlands - 2775 \u20ac all inclusive - 15+ \u00e5rs erfarenhet","description":"Br\u00f6sts\u00e4ckning kan fixas med boob lift utomlands. Vi erbjuder billig br\u00f6stlyft - 2775 \u20ac all-included (kirurgi, resor, f\u00f6rs\u00e4kring etc.). Gratis konsultation.","robots":{"index":"index","follow":"follow","max-snippet":"max-snippet:-1","max-image-preview":"max-image-preview:large","max-video-preview":"max-video-preview:-1"},"canonical":"https:\/\/wellness-travels.com\/sv\/brostlyft-med-implantat\/","og_locale":"sv_SE","og_type":"article","og_title":"Br\u00f6stlyft utomlands - 2775 \u20ac all inclusive - 15+ \u00e5rs erfarenhet","og_description":"Br\u00f6sts\u00e4ckning kan fixas med boob lift utomlands. Vi erbjuder billig br\u00f6stlyft - 2775 \u20ac all-included (kirurgi, resor, f\u00f6rs\u00e4kring etc.). Gratis konsultation.","og_url":"https:\/\/wellness-travels.com\/sv\/brostlyft-med-implantat\/","og_site_name":"Wellness Travels by Gijos Klinikos","article_publisher":"http:\/\/www.facebook.com\/medtourismeu","article_modified_time":"2019-11-08T17:21:42+00:00","og_image":[{"width":1200,"height":630,"url":"https:\/\/wellness-travels.com\/wp-content\/uploads\/2019\/06\/wellness-travels.png","type":"image\/png"}],"twitter_card":"summary_large_image","twitter_site":"@medtoureu","schema":{"@context":"https:\/\/schema.org","@graph":[{"@type":"WebPage","@id":"https:\/\/wellness-travels.com\/sv\/brostlyft-med-implantat\/","url":"https:\/\/wellness-travels.com\/sv\/brostlyft-med-implantat\/","name":"Br\u00f6stlyft utomlands - 2775 \u20ac all inclusive - 15+ \u00e5rs erfarenhet","isPartOf":{"@id":"https:\/\/wellness-travels.com\/sv\/#website"},"datePublished":"2018-06-29T11:57:29+00:00","dateModified":"2019-11-08T17:21:42+00:00","description":"Br\u00f6sts\u00e4ckning kan fixas med boob lift utomlands. Vi erbjuder billig br\u00f6stlyft - 2775 \u20ac all-included (kirurgi, resor, f\u00f6rs\u00e4kring etc.). Gratis konsultation.","breadcrumb":{"@id":"https:\/\/wellness-travels.com\/sv\/brostlyft-med-implantat\/#breadcrumb"},"inLanguage":"sv-SE","potentialAction":[{"@type":"ReadAction","target":["https:\/\/wellness-travels.com\/sv\/brostlyft-med-implantat\/"]}]},{"@type":"BreadcrumbList","@id":"https:\/\/wellness-travels.com\/sv\/brostlyft-med-implantat\/#breadcrumb","itemListElement":[{"@type":"ListItem","position":1,"name":"Home","item":"https:\/\/wellness-travels.com\/sv\/"},{"@type":"ListItem","position":2,"name":"Br\u00f6stlyft utomlands"}]},{"@type":"WebSite","@id":"https:\/\/wellness-travels.com\/sv\/#website","url":"https:\/\/wellness-travels.com\/sv\/","name":"Wellness Travels","description":"Medical travel for surgery. EU standards.","publisher":{"@id":"https:\/\/wellness-travels.com\/sv\/#organization"},"potentialAction":[{"@type":"SearchAction","target":{"@type":"EntryPoint","urlTemplate":"https:\/\/wellness-travels.com\/sv\/?s={search_term_string}"},"query-input":{"@type":"PropertyValueSpecification","valueRequired":true,"valueName":"search_term_string"}}],"inLanguage":"sv-SE"},{"@type":"Organization","@id":"https:\/\/wellness-travels.com\/sv\/#organization","name":"Wellness Travels","url":"https:\/\/wellness-travels.com\/sv\/","logo":{"@type":"ImageObject","inLanguage":"sv-SE","@id":"https:\/\/wellness-travels.com\/sv\/#\/schema\/logo\/image\/","url":"https:\/\/wellness-travels.com\/wp-content\/uploads\/2018\/10\/Wellness_Travels_logo-reduced-e1510654755727.png","contentUrl":"https:\/\/wellness-travels.com\/wp-content\/uploads\/2018\/10\/Wellness_Travels_logo-reduced-e1510654755727.png","width":302,"height":102,"caption":"Wellness Travels"},"image":{"@id":"https:\/\/wellness-travels.com\/sv\/#\/schema\/logo\/image\/"},"sameAs":["http:\/\/www.facebook.com\/medtourismeu","https:\/\/x.com\/medtoureu","https:\/\/www.instagram.com\/wellness_travels\/","https:\/\/www.linkedin.com\/company\/wellness-travels","https:\/\/www.youtube.com\/channel\/UC5o_AN6_fb1_0RFND2IbSvg\/"]}]}},"_links":{"self":[{"href":"https:\/\/wellness-travels.com\/sv\/wp-json\/wp\/v2\/pages\/6345","targetHints":{"allow":["GET"]}}],"collection":[{"href":"https:\/\/wellness-travels.com\/sv\/wp-json\/wp\/v2\/pages"}],"about":[{"href":"https:\/\/wellness-travels.com\/sv\/wp-json\/wp\/v2\/types\/page"}],"author":[{"embeddable":true,"href":"https:\/\/wellness-travels.com\/sv\/wp-json\/wp\/v2\/users\/5"}],"replies":[{"embeddable":true,"href":"https:\/\/wellness-travels.com\/sv\/wp-json\/wp\/v2\/comments?post=6345"}],"version-history":[{"count":0,"href":"https:\/\/wellness-travels.com\/sv\/wp-json\/wp\/v2\/pages\/6345\/revisions"}],"wp:attachment":[{"href":"https:\/\/wellness-travels.com\/sv\/wp-json\/wp\/v2\/media?parent=6345"}],"curies":[{"name":"wp","href":"https:\/\/api.w.org\/{rel}","templated":true}]}}