{"id":6126,"date":"2018-01-22T07:51:07","date_gmt":"2018-01-22T05:51:07","guid":{"rendered":"https:\/\/wellness-travels.com\/about\/"},"modified":"2021-03-08T17:11:04","modified_gmt":"2021-03-08T15:11:04","slug":"om-oss","status":"publish","type":"page","link":"https:\/\/wellness-travels.com\/sv\/om-oss\/","title":{"rendered":"Om oss"},"content":{"rendered":"","protected":false},"excerpt":{"rendered":"","protected":false},"author":5,"featured_media":0,"parent":0,"menu_order":0,"comment_status":"closed","ping_status":"closed","template":"template-about.php","meta":{"inline_featured_image":false,"footnotes":""},"class_list":["post-6126","page","type-page","status-publish","hentry"],"acf":[],"yoast_head":"<!-- This site is optimized with the Yoast SEO plugin v27.2 - https:\/\/yoast.com\/product\/yoast-seo-wordpress\/ -->\n<title>B\u00e4sta kirurgi utomlands - Wellness Travels - plastikkirurgi i Litauen, EU<\/title>\n<meta name=\"description\" content=\"Letar du efter b\u00e4sta kirurgi utomlands? Top plastikkirurgi klinik i Litauen, EU erbjuder behandlingar och operationer som \u00e4r s\u00e4kra, personliga och prisv\u00e4rda. Kirurgen har 12+ \u00e5rs erfarenhet. Kolla in v\u00e5ra all-inclusive erbjudanden. Inkluderar: f\u00f6rs\u00e4kring, boende, alla sjukv\u00e5rdskostnader, transport, assistans.\" \/>\n<meta name=\"robots\" content=\"index, follow, max-snippet:-1, max-image-preview:large, max-video-preview:-1\" \/>\n<link rel=\"canonical\" href=\"https:\/\/wellness-travels.com\/sv\/om-oss\/\" \/>\n<meta property=\"og:locale\" content=\"sv_SE\" \/>\n<meta property=\"og:type\" content=\"article\" \/>\n<meta property=\"og:title\" content=\"B\u00e4sta kirurgi utomlands - Wellness Travels - plastikkirurgi i Litauen, EU\" \/>\n<meta property=\"og:description\" content=\"Letar du efter b\u00e4sta kirurgi utomlands? Top plastikkirurgi klinik i Litauen, EU erbjuder behandlingar och operationer som \u00e4r s\u00e4kra, personliga och prisv\u00e4rda. Kirurgen har 12+ \u00e5rs erfarenhet. Kolla in v\u00e5ra all-inclusive erbjudanden. Inkluderar: f\u00f6rs\u00e4kring, boende, alla sjukv\u00e5rdskostnader, transport, assistans.\" \/>\n<meta property=\"og:url\" content=\"https:\/\/wellness-travels.com\/sv\/om-oss\/\" \/>\n<meta property=\"og:site_name\" content=\"Wellness Travels by Gijos Klinikos\" \/>\n<meta property=\"article:publisher\" content=\"http:\/\/www.facebook.com\/medtourismeu\" \/>\n<meta property=\"article:modified_time\" content=\"2021-03-08T15:11:04+00:00\" \/>\n<meta property=\"og:image\" content=\"https:\/\/wellness-travels.com\/wp-content\/uploads\/2019\/06\/wellness-travels.png\" \/>\n\t<meta property=\"og:image:width\" content=\"1200\" \/>\n\t<meta property=\"og:image:height\" content=\"630\" \/>\n\t<meta property=\"og:image:type\" content=\"image\/png\" \/>\n<meta name=\"twitter:card\" content=\"summary_large_image\" \/>\n<meta name=\"twitter:site\" content=\"@medtoureu\" \/>\n<!-- \/ Yoast SEO plugin. -->","yoast_head_json":{"title":"B\u00e4sta kirurgi utomlands - Wellness Travels - plastikkirurgi i Litauen, EU","description":"Letar du efter b\u00e4sta kirurgi utomlands? Top plastikkirurgi klinik i Litauen, EU erbjuder behandlingar och operationer som \u00e4r s\u00e4kra, personliga och prisv\u00e4rda. Kirurgen har 12+ \u00e5rs erfarenhet. Kolla in v\u00e5ra all-inclusive erbjudanden. Inkluderar: f\u00f6rs\u00e4kring, boende, alla sjukv\u00e5rdskostnader, transport, assistans.","robots":{"index":"index","follow":"follow","max-snippet":"max-snippet:-1","max-image-preview":"max-image-preview:large","max-video-preview":"max-video-preview:-1"},"canonical":"https:\/\/wellness-travels.com\/sv\/om-oss\/","og_locale":"sv_SE","og_type":"article","og_title":"B\u00e4sta kirurgi utomlands - Wellness Travels - plastikkirurgi i Litauen, EU","og_description":"Letar du efter b\u00e4sta kirurgi utomlands? Top plastikkirurgi klinik i Litauen, EU erbjuder behandlingar och operationer som \u00e4r s\u00e4kra, personliga och prisv\u00e4rda. Kirurgen har 12+ \u00e5rs erfarenhet. Kolla in v\u00e5ra all-inclusive erbjudanden. Inkluderar: f\u00f6rs\u00e4kring, boende, alla sjukv\u00e5rdskostnader, transport, assistans.","og_url":"https:\/\/wellness-travels.com\/sv\/om-oss\/","og_site_name":"Wellness Travels by Gijos Klinikos","article_publisher":"http:\/\/www.facebook.com\/medtourismeu","article_modified_time":"2021-03-08T15:11:04+00:00","og_image":[{"width":1200,"height":630,"url":"https:\/\/wellness-travels.com\/wp-content\/uploads\/2019\/06\/wellness-travels.png","type":"image\/png"}],"twitter_card":"summary_large_image","twitter_site":"@medtoureu","schema":{"@context":"https:\/\/schema.org","@graph":[{"@type":"WebPage","@id":"https:\/\/wellness-travels.com\/sv\/om-oss\/","url":"https:\/\/wellness-travels.com\/sv\/om-oss\/","name":"B\u00e4sta kirurgi utomlands - Wellness Travels - plastikkirurgi i Litauen, EU","isPartOf":{"@id":"https:\/\/wellness-travels.com\/sv\/#website"},"datePublished":"2018-01-22T05:51:07+00:00","dateModified":"2021-03-08T15:11:04+00:00","description":"Letar du efter b\u00e4sta kirurgi utomlands? Top plastikkirurgi klinik i Litauen, EU erbjuder behandlingar och operationer som \u00e4r s\u00e4kra, personliga och prisv\u00e4rda. Kirurgen har 12+ \u00e5rs erfarenhet. Kolla in v\u00e5ra all-inclusive erbjudanden. Inkluderar: f\u00f6rs\u00e4kring, boende, alla sjukv\u00e5rdskostnader, transport, assistans.","breadcrumb":{"@id":"https:\/\/wellness-travels.com\/sv\/om-oss\/#breadcrumb"},"inLanguage":"sv-SE","potentialAction":[{"@type":"ReadAction","target":["https:\/\/wellness-travels.com\/sv\/om-oss\/"]}]},{"@type":"BreadcrumbList","@id":"https:\/\/wellness-travels.com\/sv\/om-oss\/#breadcrumb","itemListElement":[{"@type":"ListItem","position":1,"name":"Home","item":"https:\/\/wellness-travels.com\/sv\/"},{"@type":"ListItem","position":2,"name":"Om oss"}]},{"@type":"WebSite","@id":"https:\/\/wellness-travels.com\/sv\/#website","url":"https:\/\/wellness-travels.com\/sv\/","name":"Wellness Travels","description":"Medical travel for surgery. EU standards.","publisher":{"@id":"https:\/\/wellness-travels.com\/sv\/#organization"},"potentialAction":[{"@type":"SearchAction","target":{"@type":"EntryPoint","urlTemplate":"https:\/\/wellness-travels.com\/sv\/?s={search_term_string}"},"query-input":{"@type":"PropertyValueSpecification","valueRequired":true,"valueName":"search_term_string"}}],"inLanguage":"sv-SE"},{"@type":"Organization","@id":"https:\/\/wellness-travels.com\/sv\/#organization","name":"Wellness Travels","url":"https:\/\/wellness-travels.com\/sv\/","logo":{"@type":"ImageObject","inLanguage":"sv-SE","@id":"https:\/\/wellness-travels.com\/sv\/#\/schema\/logo\/image\/","url":"https:\/\/wellness-travels.com\/wp-content\/uploads\/2018\/10\/Wellness_Travels_logo-reduced-e1510654755727.png","contentUrl":"https:\/\/wellness-travels.com\/wp-content\/uploads\/2018\/10\/Wellness_Travels_logo-reduced-e1510654755727.png","width":302,"height":102,"caption":"Wellness Travels"},"image":{"@id":"https:\/\/wellness-travels.com\/sv\/#\/schema\/logo\/image\/"},"sameAs":["http:\/\/www.facebook.com\/medtourismeu","https:\/\/x.com\/medtoureu","https:\/\/www.instagram.com\/wellness_travels\/","https:\/\/www.linkedin.com\/company\/wellness-travels","https:\/\/www.youtube.com\/channel\/UC5o_AN6_fb1_0RFND2IbSvg\/"]}]}},"_links":{"self":[{"href":"https:\/\/wellness-travels.com\/sv\/wp-json\/wp\/v2\/pages\/6126","targetHints":{"allow":["GET"]}}],"collection":[{"href":"https:\/\/wellness-travels.com\/sv\/wp-json\/wp\/v2\/pages"}],"about":[{"href":"https:\/\/wellness-travels.com\/sv\/wp-json\/wp\/v2\/types\/page"}],"author":[{"embeddable":true,"href":"https:\/\/wellness-travels.com\/sv\/wp-json\/wp\/v2\/users\/5"}],"replies":[{"embeddable":true,"href":"https:\/\/wellness-travels.com\/sv\/wp-json\/wp\/v2\/comments?post=6126"}],"version-history":[{"count":0,"href":"https:\/\/wellness-travels.com\/sv\/wp-json\/wp\/v2\/pages\/6126\/revisions"}],"wp:attachment":[{"href":"https:\/\/wellness-travels.com\/sv\/wp-json\/wp\/v2\/media?parent=6126"}],"curies":[{"name":"wp","href":"https:\/\/api.w.org\/{rel}","templated":true}]}}